{"id":3522,"date":"2025-03-10T10:55:08","date_gmt":"2025-03-10T09:55:08","guid":{"rendered":"https:\/\/bigone.fr\/comment-nous-travaillons\/"},"modified":"2025-10-19T13:58:34","modified_gmt":"2025-10-19T11:58:34","slug":"comment-nous-travaillons","status":"publish","type":"page","link":"https:\/\/bigone.fr\/fr\/comment-nous-travaillons\/","title":{"rendered":"Comment nous travaillons"},"content":{"rendered":"<p>[et_pb_section fb_built=\u00a0\u00bb1&Prime; admin_label=\u00a0\u00bbContent Section\u00a0\u00bb _builder_version=\u00a0\u00bb4.16&Prime; _module_preset=\u00a0\u00bbdefault\u00a0\u00bb locked=\u00a0\u00bboff\u00a0\u00bb global_colors_info=\u00a0\u00bb{}\u00a0\u00bb][et_pb_row _builder_version=\u00a0\u00bb4.16&Prime; _module_preset=\u00a0\u00bbdefault\u00a0\u00bb global_colors_info=\u00a0\u00bb{}\u00a0\u00bb][et_pb_column type=\u00a0\u00bb4_4&Prime; _builder_version=\u00a0\u00bb4.16&Prime; _module_preset=\u00a0\u00bbdefault\u00a0\u00bb global_colors_info=\u00a0\u00bb{}\u00a0\u00bb][et_pb_text _builder_version=\u00a0\u00bb4.27.4&Prime; _module_preset=\u00a0\u00bbdefault\u00a0\u00bb text_font=\u00a0\u00bb|700|||||||\u00a0\u00bb custom_margin=\u00a0\u00bb||16px||false|false\u00a0\u00bb global_colors_info=\u00a0\u00bb{}\u00a0\u00bb]<\/p>\n<p>Comment nous travaillons<\/p>\n<p>[\/et_pb_text][et_pb_text module_class=\u00a0\u00bbgt-heading\u00a0\u00bb _builder_version=\u00a0\u00bb4.27.4&Prime; _module_preset=\u00a0\u00bbdefault\u00a0\u00bb global_colors_info=\u00a0\u00bb{}\u00a0\u00bb]<\/p>\n<h3>Chez BigOne Consulting, nous adoptons une approche holistique, strat\u00e9gique et pratique du conseil Salesforce et de la transformation num\u00e9rique.<\/h3>\n<p>[\/et_pb_text][et_pb_text _builder_version=\u00a0\u00bb4.27.4&Prime; _module_preset=\u00a0\u00bbdefault\u00a0\u00bb global_colors_info=\u00a0\u00bb{}\u00a0\u00bb]Notre m\u00e9thodologie est con\u00e7ue pour garantir \u00e0 chaque client des <strong>solutions sur mesure<\/strong>, garantes d&rsquo;une r\u00e9ussite mesurable.<\/p>\n<p>Nous nous concentrons sur trois axes d&rsquo;engagement cl\u00e9s, aidant les entreprises <strong>\u00e0 optimiser leur efficacit\u00e9, \u00e0 rationaliser leurs op\u00e9rations et \u00e0 \u00e9voluer en toute confiance<\/strong>.[\/et_pb_text][\/et_pb_column][\/et_pb_row][\/et_pb_section][et_pb_section fb_built=\u00a0\u00bb1&Prime; admin_label=\u00a0\u00bbSection\u00a0\u00bb _builder_version=\u00a0\u00bb4.16&Prime; _module_preset=\u00a0\u00bbdefault\u00a0\u00bb locked=\u00a0\u00bboff\u00a0\u00bb global_colors_info=\u00a0\u00bb{}\u00a0\u00bb][et_pb_row column_structure=\u00a0\u00bb2_5,3_5&Prime; _builder_version=\u00a0\u00bb4.27.4&Prime; _module_preset=\u00a0\u00bbdefault\u00a0\u00bb border_width_bottom=\u00a0\u00bb1px\u00a0\u00bb border_color_bottom=\u00a0\u00bb#d9d9d9&Prime; global_colors_info=\u00a0\u00bb{}\u00a0\u00bb][et_pb_column type=\u00a0\u00bb2_5&Prime; _builder_version=\u00a0\u00bb4.16&Prime; _module_preset=\u00a0\u00bbdefault\u00a0\u00bb global_colors_info=\u00a0\u00bb{}\u00a0\u00bb][et_pb_text module_class=\u00a0\u00bbgt-heading\u00a0\u00bb _builder_version=\u00a0\u00bb4.27.4&Prime; _module_preset=\u00a0\u00bbdefault\u00a0\u00bb header_4_font_size=\u00a0\u00bb24px\u00a0\u00bb header_4_line_height=\u00a0\u00bb1.2em\u00a0\u00bb max_width=\u00a0\u00bb800px\u00a0\u00bb global_colors_info=\u00a0\u00bb{}\u00a0\u00bb]<\/p>\n<h4>1. Conseil et audits : poser les bases du succ\u00e8s<\/h4>\n<p>Avant de mettre en \u0153uvre une solution technologique, il est essentiel de <strong>comprendre l&rsquo;entreprise, ses d\u00e9fis et ses opportunit\u00e9s de croissance<\/strong>. C&rsquo;est pourquoi nous commen\u00e7ons par une phase de conseil et d&rsquo;audit approfondie, au cours de laquelle notre \u00e9quipe d&rsquo;<strong>experts certifi\u00e9s Salesforce<\/strong> travaille en \u00e9troite collaboration avec vous pour \u00e9valuer vos syst\u00e8mes existants, vos objectifs commerciaux et vos difficult\u00e9s op\u00e9rationnelles. <\/p>\n<p>[\/et_pb_text][\/et_pb_column][et_pb_column type=\u00a0\u00bb3_5&Prime; _builder_version=\u00a0\u00bb4.16&Prime; _module_preset=\u00a0\u00bbdefault\u00a0\u00bb global_colors_info=\u00a0\u00bb{}\u00a0\u00bb][et_pb_text _builder_version=\u00a0\u00bb4.27.4&Prime; _module_preset=\u00a0\u00bbdefault\u00a0\u00bb global_colors_info=\u00a0\u00bb{}\u00a0\u00bb]<\/p>\n<p><strong>Notre approche :<\/strong>\n<\/p>\n<ul>\n<li><strong>Analyse commerciale compl\u00e8te<\/strong> \u2013 Nous \u00e9valuons vos processus, flux de travail et interactions clients actuels pour identifier les inefficacit\u00e9s et les domaines d\u2019automatisation.<\/li>\n<li><strong>\u00c9valuation de la pr\u00e9paration \u00e0 Salesforce<\/strong> \u2013 Si vous \u00eates nouveau sur Salesforce, nous d\u00e9terminons le meilleur chemin de mise en \u0153uvre en fonction de votre secteur d\u2019activit\u00e9 et de la taille de votre entreprise.<\/li>\n<li><strong>Alignement CRM et strat\u00e9gie num\u00e9rique<\/strong> \u2013 Nous veillons \u00e0 ce que Salesforce s\u2019aligne parfaitement sur vos objectifs commerciaux plus larges, vos efforts marketing et vos objectifs d\u2019exp\u00e9rience client.<\/li>\n<li><strong>Feuille de route et conception de solutions personnalis\u00e9es <\/strong>\u2013 Nos experts con\u00e7oivent une feuille de route d\u00e9taill\u00e9e adapt\u00e9e aux besoins de votre entreprise, garantissant un plan de transformation \u00e9volutif \u00e9tape par \u00e9tape.<\/li>\n<\/ul>\n<p><strong>L\u2019objectif:<\/strong> fournir un <strong>plan d\u2019action<\/strong> clair pour optimiser vos processus m\u00e9tier, am\u00e9liorer l\u2019efficacit\u00e9 et maximiser le retour sur investissement de votre Salesforce.[\/et_pb_text][et_pb_button button_url=\u00a0\u00bbhttps:\/\/bigone.fr\/fr\/contactez-nous\/\u00a0\u00bb button_text=\u00a0\u00bbCommencez par une consultation\u00a0\u00bb button_alignment=\u00a0\u00bbleft\u00a0\u00bb _builder_version=\u00a0\u00bb4.27.4&Prime; _module_preset=\u00a0\u00bbdefault\u00a0\u00bb global_colors_info=\u00a0\u00bb{}\u00a0\u00bb button_text_size__hover_enabled=\u00a0\u00bboff|desktop\u00a0\u00bb button_text_color__hover_enabled=\u00a0\u00bbon|desktop\u00a0\u00bb button_text_color__hover=\u00a0\u00bb#000000&Prime; button_bg_color__hover_enabled=\u00a0\u00bbon|desktop\u00a0\u00bb button_bg_color__hover=\u00a0\u00bb#FFFFFF\u00a0\u00bb button_bg_enable_color__hover=\u00a0\u00bbon\u00a0\u00bb][\/et_pb_button][\/et_pb_column][\/et_pb_row][et_pb_row column_structure=\u00a0\u00bb2_5,3_5&Prime; _builder_version=\u00a0\u00bb4.27.4&Prime; _module_preset=\u00a0\u00bbdefault\u00a0\u00bb border_width_bottom=\u00a0\u00bb1px\u00a0\u00bb border_color_bottom=\u00a0\u00bb#d9d9d9&Prime; global_colors_info=\u00a0\u00bb{}\u00a0\u00bb][et_pb_column type=\u00a0\u00bb2_5&Prime; _builder_version=\u00a0\u00bb4.16&Prime; _module_preset=\u00a0\u00bbdefault\u00a0\u00bb global_colors_info=\u00a0\u00bb{}\u00a0\u00bb][et_pb_text module_class=\u00a0\u00bbgt-heading\u00a0\u00bb _builder_version=\u00a0\u00bb4.27.4&Prime; _module_preset=\u00a0\u00bbdefault\u00a0\u00bb header_4_font_size=\u00a0\u00bb24px\u00a0\u00bb header_4_line_height=\u00a0\u00bb1.2em\u00a0\u00bb max_width=\u00a0\u00bb800px\u00a0\u00bb global_colors_info=\u00a0\u00bb{}\u00a0\u00bb]<\/p>\n<h4>2. Cr\u00e9ation et d\u00e9ploiement : une mise en \u0153uvre transparente pour une croissance \u00e9volutive<\/h4>\n<p>Une fois la strat\u00e9gie clairement d\u00e9finie, notre \u00e9quipe passe \u00e0 <strong>la mise en \u0153uvre active<\/strong>, garantissant ainsi l&rsquo;int\u00e9gration transparente des solutions Salesforce \u00e0 votre infrastructure existante. Nous adoptons une <strong>approche de d\u00e9veloppement agile,<\/strong>, permettant <strong>une progression progressive, un retour d&rsquo;information continu et une adaptation flexible<\/strong> \u00e0 l&rsquo;\u00e9volution de vos besoins m\u00e9tier. <\/p>\n<p>[\/et_pb_text][\/et_pb_column][et_pb_column type=\u00a0\u00bb3_5&Prime; _builder_version=\u00a0\u00bb4.16&Prime; _module_preset=\u00a0\u00bbdefault\u00a0\u00bb global_colors_info=\u00a0\u00bb{}\u00a0\u00bb][et_pb_text _builder_version=\u00a0\u00bb4.27.4&Prime; _module_preset=\u00a0\u00bbdefault\u00a0\u00bb global_colors_info=\u00a0\u00bb{}\u00a0\u00bb]<\/p>\n<p><strong>Notre approche :<\/strong>\n<\/p>\n<ul>\n<li><strong>Configuration et installation Salesforce personnalis\u00e9es<\/strong> \u2013 Nous adaptons la plateforme pour qu\u2019elle corresponde \u00e0 vos flux de travail commerciaux, r\u00f4les d\u2019utilisateur et mod\u00e8les de donn\u00e9es sp\u00e9cifiques.<\/li>\n<li><strong>Int\u00e9grations API et syst\u00e8me<\/strong> \u2013 Nous connectons Salesforce \u00e0 votre ERP, \u00e0 l\u2019automatisation du marketing, aux outils de support client et \u00e0 toute autre application commerciale critique.<\/li>\n<li><strong>Programmes de formation et d\u2019adoption des utilisateurs<\/strong> \u2013 Nous ne nous contentons pas de mettre en \u0153uvre Salesforce ; nous nous assurons que votre \u00e9quipe est enti\u00e8rement form\u00e9e, confiante et pr\u00eate \u00e0 maximiser les capacit\u00e9s du syst\u00e8me.<\/li>\n<li><strong>Tests et assurance qualit\u00e9<\/strong> \u2013 Chaque impl\u00e9mentation est soumise \u00e0 des tests rigoureux pour garantir que tous les processus se d\u00e9roulent correctement et s\u2019alignent sur les objectifs commerciaux.<\/li>\n<li><strong>Assistance \u00e0 la mise en service et gestion du changement<\/strong> \u2013 \u200b\u200bNous fournissons une assistance pratique pendant la phase de lancement, garantissant une perturbation minimale et une adoption en douceur.<\/li>\n<\/ul>\n<p><strong>L&rsquo;objectif:<\/strong> permettre un <strong>d\u00e9ploiement Salesforce fluide<\/strong>, en dotant les \u00e9quipes d&rsquo;un syst\u00e8me puissant et intuitif qui am\u00e9liore la collaboration, automatise les t\u00e2ches et acc\u00e9l\u00e8re la croissance.[\/et_pb_text][et_pb_button button_url=\u00a0\u00bbhttps:\/\/bigone.fr\/fr\/contactez-nous\/\u00a0\u00bb button_text=\u00a0\u00bbObtenez votre plan de mise en \u0153uvre personnalis\u00e9\u00a0\u00bb button_alignment=\u00a0\u00bbleft\u00a0\u00bb _builder_version=\u00a0\u00bb4.27.4&Prime; _module_preset=\u00a0\u00bbdefault\u00a0\u00bb global_colors_info=\u00a0\u00bb{}\u00a0\u00bb button_text_size__hover_enabled=\u00a0\u00bboff|desktop\u00a0\u00bb button_text_color__hover_enabled=\u00a0\u00bbon|desktop\u00a0\u00bb button_text_color__hover=\u00a0\u00bb#000000&Prime; button_bg_color__hover_enabled=\u00a0\u00bbon|desktop\u00a0\u00bb button_bg_color__hover=\u00a0\u00bb#FFFFFF\u00a0\u00bb button_bg_enable_color__hover=\u00a0\u00bbon\u00a0\u00bb][\/et_pb_button][\/et_pb_column][\/et_pb_row][et_pb_row column_structure=\u00a0\u00bb2_5,3_5&Prime; _builder_version=\u00a0\u00bb4.27.4&Prime; _module_preset=\u00a0\u00bbdefault\u00a0\u00bb border_width_bottom=\u00a0\u00bb1px\u00a0\u00bb border_color_bottom=\u00a0\u00bb#d9d9d9&Prime; global_colors_info=\u00a0\u00bb{}\u00a0\u00bb][et_pb_column type=\u00a0\u00bb2_5&Prime; _builder_version=\u00a0\u00bb4.16&Prime; _module_preset=\u00a0\u00bbdefault\u00a0\u00bb global_colors_info=\u00a0\u00bb{}\u00a0\u00bb][et_pb_text module_class=\u00a0\u00bbgt-heading\u00a0\u00bb _builder_version=\u00a0\u00bb4.27.4&Prime; _module_preset=\u00a0\u00bbdefault\u00a0\u00bb header_4_font_size=\u00a0\u00bb24px\u00a0\u00bb header_4_line_height=\u00a0\u00bb1.2em\u00a0\u00bb max_width=\u00a0\u00bb800px\u00a0\u00bb global_colors_info=\u00a0\u00bb{}\u00a0\u00bb]<\/p>\n<h4>3. Maintenance et optimisation : am\u00e9lioration continue pour un succ\u00e8s \u00e0 long terme<\/h4>\n<p><p>Salesforce n&rsquo;est pas un <strong>projet ponctuel<\/strong>\u2014c&rsquo;est un syst\u00e8me vivant qui doit \u00e9voluer avec votre entreprise. C&rsquo;est pourquoi nous proposons un <strong>support continu, des am\u00e9liorations syst\u00e8me et des strat\u00e9gies d&rsquo;optimisation<\/strong> pour vous aider \u00e0 <strong>optimiser vos performances, votre s\u00e9curit\u00e9 et votre efficacit\u00e9 au fil du temps.<\/strong>. <\/p>\n<p>[\/et_pb_text][\/et_pb_column][et_pb_column type=\u00a0\u00bb3_5&Prime; _builder_version=\u00a0\u00bb4.16&Prime; _module_preset=\u00a0\u00bbdefault\u00a0\u00bb global_colors_info=\u00a0\u00bb{}\u00a0\u00bb][et_pb_text _builder_version=\u00a0\u00bb4.27.4&Prime; _module_preset=\u00a0\u00bbdefault\u00a0\u00bb global_colors_info=\u00a0\u00bb{}\u00a0\u00bb]<\/p>\n<p><strong>Notre approche :<\/strong>\n<\/p>\n<ul>\n<li><strong>Surveillance des performances et contr\u00f4les de l\u2019\u00e9tat du syst\u00e8me<\/strong> \u2013 Nous examinons et optimisons r\u00e9guli\u00e8rement les performances du syst\u00e8me pour garantir une efficacit\u00e9 maximale.<\/li>\n<li><strong>Nouvelles impl\u00e9mentations de fonctionnalit\u00e9s<\/strong> \u2013 Nous restons en avance sur les mises \u00e0 jour de Salesforce, en int\u00e9grant de nouvelles fonctionnalit\u00e9s qui am\u00e9liorent votre avantage concurrentiel.<\/li>\n<li><strong>Automatisation et am\u00e9liorations des processus<\/strong> \u2013 Nous affinons les flux de travail d\u2019automatisation, \u00e9liminant les goulots d\u2019\u00e9tranglement et augmentant la productivit\u00e9.<\/li>\n<li><strong>Rapports et analyses avanc\u00e9s<\/strong> \u2013 Nous aidons les entreprises \u00e0 exploiter les puissants outils d\u2019analyse de Salesforce pour prendre des d\u00e9cisions bas\u00e9es sur les donn\u00e9es.<\/li>\n<li><strong>Assistance en mati\u00e8re de s\u00e9curit\u00e9 et de conformit\u00e9<\/strong> \u2013 Nous garantissons que votre instance Salesforce reste conforme aux r\u00e9glementations du secteur et aux lois sur la protection des donn\u00e9es.<\/li>\n<li><strong>Plans de support \u00e9volutifs<\/strong> \u2013 Que vous ayez besoin d\u2019une assistance occasionnelle ou d\u2019un support administratif d\u00e9di\u00e9, nous proposons des packages de maintenance flexibles adapt\u00e9s aux besoins de votre entreprise.<\/li>\n<\/ul>\n<p><strong>L&rsquo;objectif:<\/strong> fournir une <strong>valeur \u00e0 long terme et une optimisation continue<\/strong>, faisant de Salesforce un moteur essentiel de la r\u00e9ussite commerciale plut\u00f4t qu&rsquo;un simple outil.[\/et_pb_text][et_pb_button button_url=\u00a0\u00bbhttps:\/\/bigone.fr\/fr\/contactez-nous\/\u00a0\u00bb button_text=\u00a0\u00bbOptimisez et p\u00e9rennisez votre force de vente\u00a0\u00bb button_alignment=\u00a0\u00bbleft\u00a0\u00bb _builder_version=\u00a0\u00bb4.27.4&Prime; _module_preset=\u00a0\u00bbdefault\u00a0\u00bb global_colors_info=\u00a0\u00bb{}\u00a0\u00bb button_text_size__hover_enabled=\u00a0\u00bboff|desktop\u00a0\u00bb button_text_color__hover_enabled=\u00a0\u00bbon|desktop\u00a0\u00bb button_text_color__hover=\u00a0\u00bb#000000&Prime; button_bg_color__hover_enabled=\u00a0\u00bbon|desktop\u00a0\u00bb button_bg_color__hover=\u00a0\u00bb#FFFFFF\u00a0\u00bb button_bg_enable_color__hover=\u00a0\u00bbon\u00a0\u00bb][\/et_pb_button][\/et_pb_column][\/et_pb_row][\/et_pb_section][et_pb_section fb_built=\u00a0\u00bb1&Prime; admin_label=\u00a0\u00bbSection\u00a0\u00bb _builder_version=\u00a0\u00bb4.16&Prime; _module_preset=\u00a0\u00bbdefault\u00a0\u00bb global_colors_info=\u00a0\u00bb{}\u00a0\u00bb][et_pb_row _builder_version=\u00a0\u00bb4.16&Prime; _module_preset=\u00a0\u00bbdefault\u00a0\u00bb global_colors_info=\u00a0\u00bb{}\u00a0\u00bb][et_pb_column type=\u00a0\u00bb4_4&Prime; _builder_version=\u00a0\u00bb4.16&Prime; _module_preset=\u00a0\u00bbdefault\u00a0\u00bb global_colors_info=\u00a0\u00bb{}\u00a0\u00bb][et_pb_text _builder_version=\u00a0\u00bb4.16&Prime; _module_preset=\u00a0\u00bbdefault\u00a0\u00bb text_font=\u00a0\u00bb|700|||||||\u00a0\u00bb custom_margin=\u00a0\u00bb||16px||false|false\u00a0\u00bb global_colors_info=\u00a0\u00bb{}\u00a0\u00bb]<\/p>\n<p>Nos comp\u00e9tences<\/p>\n<p>[\/et_pb_text][et_pb_text module_class=\u00a0\u00bbgt-heading\u00a0\u00bb _builder_version=\u00a0\u00bb4.27.4&Prime; _module_preset=\u00a0\u00bbdefault\u00a0\u00bb global_colors_info=\u00a0\u00bb{}\u00a0\u00bb]<\/p>\n<h2>Pourquoi choisir bigOne Consulting ?<\/h2>\n<p>[\/et_pb_text][\/et_pb_column][\/et_pb_row][et_pb_row column_structure=\u00a0\u00bb1_2,1_2&Prime; _builder_version=\u00a0\u00bb4.16&Prime; _module_preset=\u00a0\u00bbdefault\u00a0\u00bb locked=\u00a0\u00bboff\u00a0\u00bb global_colors_info=\u00a0\u00bb{}\u00a0\u00bb][et_pb_column type=\u00a0\u00bb1_2&Prime; _builder_version=\u00a0\u00bb4.16&Prime; _module_preset=\u00a0\u00bbdefault\u00a0\u00bb global_colors_info=\u00a0\u00bb{}\u00a0\u00bb][et_pb_blurb title=\u00a0\u00bbExperts certifi\u00e9s Salesforce\u00a0\u00bb use_icon=\u00a0\u00bbon\u00a0\u00bb font_icon=\u00a0\u00bb&#xf14a;||fa||900&Prime; icon_placement=\u00a0\u00bbleft\u00a0\u00bb image_icon_width=\u00a0\u00bb32px\u00a0\u00bb icon_placement_tablet=\u00a0\u00bbleft\u00a0\u00bb icon_placement_phone=\u00a0\u00bbtop\u00a0\u00bb icon_placement_last_edited=\u00a0\u00bbon|desktop\u00a0\u00bb _builder_version=\u00a0\u00bb4.27.4&Prime; _module_preset=\u00a0\u00bbdefault\u00a0\u00bb header_level=\u00a0\u00bbh3&Prime; text_orientation_tablet=\u00a0\u00bb\u00a0\u00bb text_orientation_phone=\u00a0\u00bbcenter\u00a0\u00bb text_orientation_last_edited=\u00a0\u00bbon|phone\u00a0\u00bb global_colors_info=\u00a0\u00bb{}\u00a0\u00bb]<\/p>\n<p>Notre \u00e9quipe poss\u00e8de des ann\u00e9es d\u2019exp\u00e9rience dans la mise en \u0153uvre, l\u2019optimisation et la mise \u00e0 l\u2019\u00e9chelle des solutions Salesforce.<\/p>\n<p>[\/et_pb_blurb][\/et_pb_column][et_pb_column type=\u00a0\u00bb1_2&Prime; _builder_version=\u00a0\u00bb4.16&Prime; _module_preset=\u00a0\u00bbdefault\u00a0\u00bb global_colors_info=\u00a0\u00bb{}\u00a0\u00bb][et_pb_blurb title=\u00a0\u00bbSolutions sur mesure et sp\u00e9cifiques \u00e0 l&#039;industrie\u00a0\u00bb use_icon=\u00a0\u00bbon\u00a0\u00bb font_icon=\u00a0\u00bb&#xf14a;||fa||900&Prime; icon_placement=\u00a0\u00bbleft\u00a0\u00bb image_icon_width=\u00a0\u00bb32px\u00a0\u00bb icon_placement_tablet=\u00a0\u00bbleft\u00a0\u00bb icon_placement_phone=\u00a0\u00bbtop\u00a0\u00bb icon_placement_last_edited=\u00a0\u00bbon|desktop\u00a0\u00bb _builder_version=\u00a0\u00bb4.27.4&Prime; _module_preset=\u00a0\u00bbdefault\u00a0\u00bb header_level=\u00a0\u00bbh3&Prime; text_orientation_tablet=\u00a0\u00bb\u00a0\u00bb text_orientation_phone=\u00a0\u00bbcenter\u00a0\u00bb text_orientation_last_edited=\u00a0\u00bbon|phone\u00a0\u00bb global_colors_info=\u00a0\u00bb{}\u00a0\u00bb]<\/p>\n<p>Nous personnalisons chaque projet en fonction de la taille de votre entreprise, de votre secteur et de vos d\u00e9fis uniques.<\/p>\n<p>[\/et_pb_blurb][\/et_pb_column][\/et_pb_row][et_pb_row column_structure=\u00a0\u00bb1_2,1_2&Prime; _builder_version=\u00a0\u00bb4.16&Prime; _module_preset=\u00a0\u00bbdefault\u00a0\u00bb locked=\u00a0\u00bboff\u00a0\u00bb global_colors_info=\u00a0\u00bb{}\u00a0\u00bb][et_pb_column type=\u00a0\u00bb1_2&Prime; _builder_version=\u00a0\u00bb4.16&Prime; _module_preset=\u00a0\u00bbdefault\u00a0\u00bb global_colors_info=\u00a0\u00bb{}\u00a0\u00bb][et_pb_blurb title=\u00a0\u00bbM\u00e9thodologie agile et flexible\u00a0\u00bb use_icon=\u00a0\u00bbon\u00a0\u00bb font_icon=\u00a0\u00bb&#xf14a;||fa||900&Prime; icon_placement=\u00a0\u00bbleft\u00a0\u00bb image_icon_width=\u00a0\u00bb32px\u00a0\u00bb icon_placement_tablet=\u00a0\u00bbleft\u00a0\u00bb icon_placement_phone=\u00a0\u00bbtop\u00a0\u00bb icon_placement_last_edited=\u00a0\u00bbon|desktop\u00a0\u00bb _builder_version=\u00a0\u00bb4.27.4&Prime; _module_preset=\u00a0\u00bbdefault\u00a0\u00bb header_level=\u00a0\u00bbh3&Prime; text_orientation_tablet=\u00a0\u00bb\u00a0\u00bb text_orientation_phone=\u00a0\u00bbcenter\u00a0\u00bb text_orientation_last_edited=\u00a0\u00bbon|phone\u00a0\u00bb global_colors_info=\u00a0\u00bb{}\u00a0\u00bb]<\/p>\n<p>Notre approche it\u00e9rative garantit un d\u00e9ploiement rapide, une am\u00e9lioration continue et un retour sur investissement maximal.<\/p>\n<p>[\/et_pb_blurb][\/et_pb_column][et_pb_column type=\u00a0\u00bb1_2&Prime; _builder_version=\u00a0\u00bb4.16&Prime; _module_preset=\u00a0\u00bbdefault\u00a0\u00bb global_colors_info=\u00a0\u00bb{}\u00a0\u00bb][et_pb_blurb title=\u00a0\u00bbPartenariat de bout en bout\u00a0\u00bb use_icon=\u00a0\u00bbon\u00a0\u00bb font_icon=\u00a0\u00bb&#xf14a;||fa||900&Prime; icon_placement=\u00a0\u00bbleft\u00a0\u00bb image_icon_width=\u00a0\u00bb32px\u00a0\u00bb icon_placement_tablet=\u00a0\u00bbleft\u00a0\u00bb icon_placement_phone=\u00a0\u00bbtop\u00a0\u00bb icon_placement_last_edited=\u00a0\u00bbon|desktop\u00a0\u00bb _builder_version=\u00a0\u00bb4.27.4&Prime; _module_preset=\u00a0\u00bbdefault\u00a0\u00bb header_level=\u00a0\u00bbh3&Prime; text_orientation_tablet=\u00a0\u00bb\u00a0\u00bb text_orientation_phone=\u00a0\u00bbcenter\u00a0\u00bb text_orientation_last_edited=\u00a0\u00bbon|phone\u00a0\u00bb global_colors_info=\u00a0\u00bb{}\u00a0\u00bb]<\/p>\n<p>De la strat\u00e9gie initiale \u00e0 l\u2019accompagnement \u00e0 long terme, nous vous guidons \u00e0 chaque \u00e9tape.<\/p>\n<p>[\/et_pb_blurb][\/et_pb_column][\/et_pb_row][\/et_pb_section][et_pb_section fb_built=\u00a0\u00bb1&Prime; admin_label=\u00a0\u00bbBanner CTA\u00a0\u00bb _builder_version=\u00a0\u00bb4.16&Prime; _module_preset=\u00a0\u00bbdefault\u00a0\u00bb background_color=\u00a0\u00bb#000000&Prime; locked=\u00a0\u00bboff\u00a0\u00bb global_colors_info=\u00a0\u00bb{}\u00a0\u00bb][et_pb_row _builder_version=\u00a0\u00bb4.16&Prime; _module_preset=\u00a0\u00bbdefault\u00a0\u00bb global_colors_info=\u00a0\u00bb{}\u00a0\u00bb][et_pb_column type=\u00a0\u00bb4_4&Prime; _builder_version=\u00a0\u00bb4.16&Prime; _module_preset=\u00a0\u00bbdefault\u00a0\u00bb global_colors_info=\u00a0\u00bb{}\u00a0\u00bb][et_pb_text _builder_version=\u00a0\u00bb4.27.4&Prime; _module_preset=\u00a0\u00bbdefault\u00a0\u00bb text_font=\u00a0\u00bb|700|||||||\u00a0\u00bb text_orientation=\u00a0\u00bbcenter\u00a0\u00bb background_layout=\u00a0\u00bbdark\u00a0\u00bb custom_margin=\u00a0\u00bb||16px||false|false\u00a0\u00bb global_colors_info=\u00a0\u00bb{}\u00a0\u00bb]<\/p>\n<p>Contactez nous<\/p>\n<p>[\/et_pb_text][et_pb_text module_class=\u00a0\u00bbgt-heading\u00a0\u00bb _builder_version=\u00a0\u00bb4.27.4&Prime; _module_preset=\u00a0\u00bbdefault\u00a0\u00bb text_orientation=\u00a0\u00bbcenter\u00a0\u00bb background_layout=\u00a0\u00bbdark\u00a0\u00bb global_colors_info=\u00a0\u00bb{}\u00a0\u00bb]<\/p>\n<h2>Pr\u00eat \u00e0 transformer votre entreprise ?<\/h2>\n<p>[\/et_pb_text][et_pb_text _builder_version=\u00a0\u00bb4.27.4&Prime; _module_preset=\u00a0\u00bbdefault\u00a0\u00bb text_text_color=\u00a0\u00bb#FFFFFF\u00a0\u00bb text_orientation=\u00a0\u00bbcenter\u00a0\u00bb global_colors_info=\u00a0\u00bb{}\u00a0\u00bb]<\/p>\n<p>Associez-vous \u00e0 <strong>bigOne Consulting<\/strong> pour exploiter tout le potentiel de Salesforce, stimuler l&rsquo;innovation et acc\u00e9l\u00e9rer votre croissance.<\/p>\n<p>Concevons des solutions sur mesure qui r\u00e9pondent \u00e0 vos besoins uniques et permettent \u00e0 votre entreprise de passer \u00e0 la vitesse sup\u00e9rieure.<\/p>\n<p>[\/et_pb_text][et_pb_button button_url=\u00a0\u00bbhttps:\/\/bigone.fr\/fr\/contactez-nous\/\u00a0\u00bb button_text=\u00a0\u00bbObtenez votre consultation gratuite d\u00e8s aujourd&apos;hui\u00a0\u00bb button_alignment=\u00a0\u00bbcenter\u00a0\u00bb _builder_version=\u00a0\u00bb4.27.4&Prime; _module_preset=\u00a0\u00bbdefault\u00a0\u00bb custom_button=\u00a0\u00bbon\u00a0\u00bb button_text_color=\u00a0\u00bb#FFFFFF\u00a0\u00bb button_border_color=\u00a0\u00bb#FFFFFF\u00a0\u00bb global_colors_info=\u00a0\u00bb{}\u00a0\u00bb button_text_size__hover_enabled=\u00a0\u00bboff|desktop\u00a0\u00bb button_text_color__hover_enabled=\u00a0\u00bbon|desktop\u00a0\u00bb button_text_color__hover=\u00a0\u00bb#000000&Prime; button_bg_color__hover_enabled=\u00a0\u00bbon|desktop\u00a0\u00bb button_bg_color__hover=\u00a0\u00bb#FFFFFF\u00a0\u00bb button_bg_enable_color__hover=\u00a0\u00bbon\u00a0\u00bb][\/et_pb_button][\/et_pb_column][\/et_pb_row][\/et_pb_section]<\/p>\n","protected":false},"excerpt":{"rendered":"<p>Comment nous travaillonsChez BigOne Consulting, nous adoptons une approche holistique, strat\u00e9gique et pratique du conseil Salesforce et de la transformation num\u00e9rique.Notre m\u00e9thodologie est con\u00e7ue pour garantir \u00e0 chaque client des solutions sur mesure, garantes d&rsquo;une r\u00e9ussite mesurable. Nous nous concentrons sur trois axes d&rsquo;engagement cl\u00e9s, aidant les entreprises \u00e0 optimiser leur efficacit\u00e9, \u00e0 rationaliser leurs [&hellip;]<\/p>\n","protected":false},"author":2,"featured_media":0,"parent":0,"menu_order":1,"comment_status":"closed","ping_status":"closed","template":"","meta":{"_et_pb_use_builder":"on","_et_pb_old_content":"<!-- wp:divi\/placeholder \/-->","_et_gb_content_width":"","footnotes":""},"class_list":["post-3522","page","type-page","status-publish","hentry"],"_links":{"self":[{"href":"https:\/\/bigone.fr\/fr\/wp-json\/wp\/v2\/pages\/3522","targetHints":{"allow":["GET"]}}],"collection":[{"href":"https:\/\/bigone.fr\/fr\/wp-json\/wp\/v2\/pages"}],"about":[{"href":"https:\/\/bigone.fr\/fr\/wp-json\/wp\/v2\/types\/page"}],"author":[{"embeddable":true,"href":"https:\/\/bigone.fr\/fr\/wp-json\/wp\/v2\/users\/2"}],"replies":[{"embeddable":true,"href":"https:\/\/bigone.fr\/fr\/wp-json\/wp\/v2\/comments?post=3522"}],"version-history":[{"count":6,"href":"https:\/\/bigone.fr\/fr\/wp-json\/wp\/v2\/pages\/3522\/revisions"}],"predecessor-version":[{"id":3620,"href":"https:\/\/bigone.fr\/fr\/wp-json\/wp\/v2\/pages\/3522\/revisions\/3620"}],"wp:attachment":[{"href":"https:\/\/bigone.fr\/fr\/wp-json\/wp\/v2\/media?parent=3522"}],"curies":[{"name":"wp","href":"https:\/\/api.w.org\/{rel}","templated":true}]}}