{"id":3507,"date":"2025-03-04T15:52:37","date_gmt":"2025-03-04T14:52:37","guid":{"rendered":"https:\/\/bigone.fr\/expertise-boosters-daffaires\/"},"modified":"2025-10-19T13:58:35","modified_gmt":"2025-10-19T11:58:35","slug":"expertise-boosters-daffaires","status":"publish","type":"page","link":"https:\/\/bigone.fr\/fr\/expertise-boosters-daffaires\/","title":{"rendered":"Expertise &#8211; Boosters d&rsquo;affaires"},"content":{"rendered":"<p>[et_pb_section fb_built=\u00a0\u00bb1&Prime; admin_label=\u00a0\u00bbHero Section\u00a0\u00bb _builder_version=\u00a0\u00bb4.16&Prime; _module_preset=\u00a0\u00bbdefault\u00a0\u00bb background_enable_image=\u00a0\u00bboff\u00a0\u00bb min_height=\u00a0\u00bb92vh\u00a0\u00bb custom_css_main_element=\u00a0\u00bbdisplay: flex;||flex-direction: column;||justify-content: center;\u00a0\u00bb locked=\u00a0\u00bboff\u00a0\u00bb global_colors_info=\u00a0\u00bb{}\u00a0\u00bb][et_pb_row module_class=\u00a0\u00bbside-by-side\u00a0\u00bb _builder_version=\u00a0\u00bb4.27.4&Prime; _module_preset=\u00a0\u00bbdefault\u00a0\u00bb global_colors_info=\u00a0\u00bb{}\u00a0\u00bb][et_pb_column type=\u00a0\u00bb4_4&Prime; _builder_version=\u00a0\u00bb4.16&Prime; _module_preset=\u00a0\u00bbdefault\u00a0\u00bb global_colors_info=\u00a0\u00bb{}\u00a0\u00bb][et_pb_text _builder_version=\u00a0\u00bb4.27.4&Prime; _module_preset=\u00a0\u00bbdefault\u00a0\u00bb text_font=\u00a0\u00bb|700|||||||\u00a0\u00bb custom_margin=\u00a0\u00bb||16px||false|false\u00a0\u00bb global_colors_info=\u00a0\u00bb{}\u00a0\u00bb]Expertise[\/et_pb_text][et_pb_text module_class=\u00a0\u00bbgt-heading\u00a0\u00bb _builder_version=\u00a0\u00bb4.27.4&Prime; _module_preset=\u00a0\u00bbdefault\u00a0\u00bb global_colors_info=\u00a0\u00bb{}\u00a0\u00bb]<\/p>\n<h1>Boostez votre entreprise gr\u00e2ce \u00e0 nos acc\u00e9l\u00e9rateurs rapides<\/h1>\n<p>[\/et_pb_text][et_pb_text _builder_version=\u00a0\u00bb4.27.4&Prime; _module_preset=\u00a0\u00bbdefault\u00a0\u00bb global_colors_info=\u00a0\u00bb{}\u00a0\u00bb]Chez <strong>bigOne Consulting<\/strong>, nous savons que les entreprises ont besoin <strong>de solutions rapides et \u00e0 fort impact<\/strong> pour <strong>se d\u00e9marquer, vendre plus et fonctionner efficacement<\/strong>. C&rsquo;est pourquoi nous avons cr\u00e9\u00e9 nos <strong>Business Boosters<\/strong>\u2014quatre acc\u00e9l\u00e9rateurs puissants con\u00e7us pour <strong>\u00e9lever votre marque, dynamiser vos ventes, rationaliser vos op\u00e9rations et \u00e9liminer le stress informatique<\/strong>.<\/p>\n<p>Simple. R\u00e9alisable. Ax\u00e9 sur les r\u00e9sultats. Faisons prosp\u00e9rer votre entreprise.[\/et_pb_text][\/et_pb_column][\/et_pb_row][\/et_pb_section][et_pb_section fb_built=\u00a0\u00bb1&Prime; admin_label=\u00a0\u00bbContent Section\u00a0\u00bb _builder_version=\u00a0\u00bb4.16&Prime; _module_preset=\u00a0\u00bbdefault\u00a0\u00bb global_colors_info=\u00a0\u00bb{}\u00a0\u00bb][et_pb_row column_structure=\u00a0\u00bb1_2,1_2&Prime; _builder_version=\u00a0\u00bb4.16&Prime; _module_preset=\u00a0\u00bbdefault\u00a0\u00bb global_colors_info=\u00a0\u00bb{}\u00a0\u00bb][et_pb_column type=\u00a0\u00bb1_2&Prime; _builder_version=\u00a0\u00bb4.16&Prime; _module_preset=\u00a0\u00bbdefault\u00a0\u00bb global_colors_info=\u00a0\u00bb{}\u00a0\u00bb][et_pb_text _builder_version=\u00a0\u00bb4.27.4&Prime; _module_preset=\u00a0\u00bbdefault\u00a0\u00bb text_font=\u00a0\u00bb|700|||||||\u00a0\u00bb custom_margin=\u00a0\u00bb||16px||false|false\u00a0\u00bb global_colors_info=\u00a0\u00bb{}\u00a0\u00bb]Acc\u00e9l\u00e9rateur 01 &#8211; Branding[\/et_pb_text][et_pb_text module_class=\u00a0\u00bbgt-heading\u00a0\u00bb _builder_version=\u00a0\u00bb4.27.4&Prime; _module_preset=\u00a0\u00bbdefault\u00a0\u00bb global_colors_info=\u00a0\u00bb{}\u00a0\u00bb]<\/p>\n<h2>Construisez une identit\u00e9 puissante et m\u00e9morable<\/h2>\n<p>[\/et_pb_text][et_pb_text _builder_version=\u00a0\u00bb4.27.4&Prime; _module_preset=\u00a0\u00bbdefault\u00a0\u00bb global_colors_info=\u00a0\u00bb{}\u00a0\u00bb]<\/p>\n<p>Votre marque d\u00e9finit la fa\u00e7on dont vos clients vous voient. Une marque faible <strong>repousse les clients<\/strong>, tandis qu\u2019une marque forte <strong>cr\u00e9e la confiance, la reconnaissance et la cr\u00e9dibilit\u00e9<\/strong>. Notre <strong>acc\u00e9l\u00e9rateur de marque<\/strong> active trois leviers cl\u00e9s pour b\u00e2tir une marque qui vous ressemble :<br \/>\n\u2705 <strong>Concevez votre storytelling<\/strong> \u2013 D\u00e9finissez un message de marque clair et convaincant qui trouve un \u00e9cho aupr\u00e8s de votre public.<br \/>\n\u2705 <strong>Construisez votre identit\u00e9 visuelle<\/strong> \u2013 Logo, palette de couleurs, typographie : cr\u00e9ez une image de marque forte et coh\u00e9rente.<br \/>\n\u2705 <strong>Optimisez votre pr\u00e9sence num\u00e9rique<\/strong> \u2013 Assurez-vous que votre site web et vos r\u00e9seaux sociaux refl\u00e8tent votre identit\u00e9 et attirent les clients.\n<\/p>\n<p>[\/et_pb_text][et_pb_button button_url=\u00a0\u00bbhttps:\/\/bigone.fr\/fr\/contactez-nous\/\u00a0\u00bb button_text=\u00a0\u00bbTransformez votre image de marque\u00a0\u00bb button_alignment=\u00a0\u00bbleft\u00a0\u00bb _builder_version=\u00a0\u00bb4.27.4&Prime; _module_preset=\u00a0\u00bbdefault\u00a0\u00bb global_colors_info=\u00a0\u00bb{}\u00a0\u00bb button_text_color__hover_enabled=\u00a0\u00bbon|desktop\u00a0\u00bb button_text_color__hover=\u00a0\u00bb#000000&Prime; button_bg_color__hover_enabled=\u00a0\u00bbon|desktop\u00a0\u00bb button_bg_color__hover=\u00a0\u00bb#FFFFFF\u00a0\u00bb button_bg_enable_color__hover=\u00a0\u00bbon\u00a0\u00bb][\/et_pb_button][\/et_pb_column][et_pb_column type=\u00a0\u00bb1_2&Prime; _builder_version=\u00a0\u00bb4.16&Prime; _module_preset=\u00a0\u00bbdefault\u00a0\u00bb global_colors_info=\u00a0\u00bb{}\u00a0\u00bb][et_pb_image src=\u00a0\u00bbhttps:\/\/lulo.gregorythemes.com\/wp-content\/uploads\/2022\/03\/gt-lulo-background-2.jpg\u00a0\u00bb _builder_version=\u00a0\u00bb4.16&Prime; _module_preset=\u00a0\u00bbdefault\u00a0\u00bb global_colors_info=\u00a0\u00bb{}\u00a0\u00bb][\/et_pb_image][\/et_pb_column][\/et_pb_row][\/et_pb_section][et_pb_section fb_built=\u00a0\u00bb1&Prime; admin_label=\u00a0\u00bbContent Section\u00a0\u00bb _builder_version=\u00a0\u00bb4.16&Prime; _module_preset=\u00a0\u00bbdefault\u00a0\u00bb global_colors_info=\u00a0\u00bb{}\u00a0\u00bb][et_pb_row column_structure=\u00a0\u00bb1_2,1_2&Prime; _builder_version=\u00a0\u00bb4.16&Prime; _module_preset=\u00a0\u00bbdefault\u00a0\u00bb global_colors_info=\u00a0\u00bb{}\u00a0\u00bb][et_pb_column type=\u00a0\u00bb1_2&Prime; _builder_version=\u00a0\u00bb4.16&Prime; _module_preset=\u00a0\u00bbdefault\u00a0\u00bb global_colors_info=\u00a0\u00bb{}\u00a0\u00bb][et_pb_image src=\u00a0\u00bbhttps:\/\/lulo.gregorythemes.com\/wp-content\/uploads\/2022\/03\/gt-lulo-background-1.jpg\u00a0\u00bb _builder_version=\u00a0\u00bb4.16&Prime; _module_preset=\u00a0\u00bbdefault\u00a0\u00bb global_colors_info=\u00a0\u00bb{}\u00a0\u00bb][\/et_pb_image][\/et_pb_column][et_pb_column type=\u00a0\u00bb1_2&Prime; _builder_version=\u00a0\u00bb4.16&Prime; _module_preset=\u00a0\u00bbdefault\u00a0\u00bb global_colors_info=\u00a0\u00bb{}\u00a0\u00bb][et_pb_text _builder_version=\u00a0\u00bb4.27.4&Prime; _module_preset=\u00a0\u00bbdefault\u00a0\u00bb text_font=\u00a0\u00bb|700|||||||\u00a0\u00bb custom_margin=\u00a0\u00bb||16px||false|false\u00a0\u00bb global_colors_info=\u00a0\u00bb{}\u00a0\u00bb]Acc\u00e9l\u00e9rateur 02 \u2013 Ventes[\/et_pb_text][et_pb_text module_class=\u00a0\u00bbgt-heading\u00a0\u00bb _builder_version=\u00a0\u00bb4.27.4&Prime; _module_preset=\u00a0\u00bbdefault\u00a0\u00bb global_colors_info=\u00a0\u00bb{}\u00a0\u00bb]<\/p>\n<h2>Renforcez votre pouvoir de vente et concluez plus d&rsquo;affaires<\/h2>\n<p>[\/et_pb_text][et_pb_text _builder_version=\u00a0\u00bb4.27.4&Prime; _module_preset=\u00a0\u00bbdefault\u00a0\u00bb global_colors_info=\u00a0\u00bb{}\u00a0\u00bb]<\/p>\n<p>R\u00e9ussir en vente, c&rsquo;est <strong>identifier les bons clients avant vos concurrents, optimiser votre temps et offrir une exp\u00e9rience qui transforme vos prospects en clients fid\u00e8les<\/strong>.<br \/>\n\u2705 <strong>Optimisez votre processus de vente<\/strong> \u2013 Rationalisez votre pipeline pour conclure des affaires plus rapidement.<br \/>\n\u2705 <strong>Affinez votre strat\u00e9gie marketing<\/strong> \u2013 Alignez vos messages et vos campagnes sur vos objectifs de vente.<br \/>\n\u2705 <strong>Am\u00e9liorez l&rsquo;exp\u00e9rience client<\/strong> \u2013 Am\u00e9liorez le service pour augmenter la fid\u00e9lisation et les recommandations.\n<\/p>\n<p>[\/et_pb_text][et_pb_button button_url=\u00a0\u00bbhttps:\/\/bigone.fr\/fr\/contactez-nous\/\u00a0\u00bb button_text=\u00a0\u00bbBoostez vos performances de vente\u00a0\u00bb button_alignment=\u00a0\u00bbleft\u00a0\u00bb _builder_version=\u00a0\u00bb4.27.4&Prime; _module_preset=\u00a0\u00bbdefault\u00a0\u00bb global_colors_info=\u00a0\u00bb{}\u00a0\u00bb button_text_color__hover_enabled=\u00a0\u00bbon|desktop\u00a0\u00bb button_text_color__hover=\u00a0\u00bb#000000&Prime; button_bg_color__hover_enabled=\u00a0\u00bbon|desktop\u00a0\u00bb button_bg_color__hover=\u00a0\u00bb#FFFFFF\u00a0\u00bb button_bg_enable_color__hover=\u00a0\u00bbon\u00a0\u00bb][\/et_pb_button][\/et_pb_column][\/et_pb_row][\/et_pb_section][et_pb_section fb_built=\u00a0\u00bb1&Prime; admin_label=\u00a0\u00bbContent Section\u00a0\u00bb _builder_version=\u00a0\u00bb4.16&Prime; _module_preset=\u00a0\u00bbdefault\u00a0\u00bb global_colors_info=\u00a0\u00bb{}\u00a0\u00bb][et_pb_row column_structure=\u00a0\u00bb1_2,1_2&Prime; _builder_version=\u00a0\u00bb4.16&Prime; _module_preset=\u00a0\u00bbdefault\u00a0\u00bb global_colors_info=\u00a0\u00bb{}\u00a0\u00bb][et_pb_column type=\u00a0\u00bb1_2&Prime; _builder_version=\u00a0\u00bb4.16&Prime; _module_preset=\u00a0\u00bbdefault\u00a0\u00bb global_colors_info=\u00a0\u00bb{}\u00a0\u00bb][et_pb_text _builder_version=\u00a0\u00bb4.27.4&Prime; _module_preset=\u00a0\u00bbdefault\u00a0\u00bb text_font=\u00a0\u00bb|700|||||||\u00a0\u00bb custom_margin=\u00a0\u00bb||16px||false|false\u00a0\u00bb global_colors_info=\u00a0\u00bb{}\u00a0\u00bb]Acc\u00e9l\u00e9rateur 03 &#8211; Bo\u00eete \u00e0 outils[\/et_pb_text][et_pb_text module_class=\u00a0\u00bbgt-heading\u00a0\u00bb _builder_version=\u00a0\u00bb4.27.4&Prime; _module_preset=\u00a0\u00bbdefault\u00a0\u00bb global_colors_info=\u00a0\u00bb{}\u00a0\u00bb]<\/p>\n<h2>Automatisez et num\u00e9risez votre entreprise<\/h2>\n<p>[\/et_pb_text][et_pb_text _builder_version=\u00a0\u00bb4.27.4&Prime; _module_preset=\u00a0\u00bbdefault\u00a0\u00bb global_colors_info=\u00a0\u00bb{}\u00a0\u00bb]<\/p>\n<p>Si vos <strong>processus sont manuels, flous ou inefficaces<\/strong>, il est temps de <strong>les optimiser, de les automatiser et de les simplifier<\/strong>.<br \/>\n\u2705 <strong>Affinez vos processus m\u00e9tier<\/strong> \u2013 Identifiez les inefficacit\u00e9s et standardisez les op\u00e9rations.<br \/>\n\u2705 <strong>Num\u00e9risez vos flux de travail<\/strong> \u2013 Passez des processus manuels \u00e0 des solutions num\u00e9riques intelligentes.<br \/>\n\u2705 <strong>\u00c9quipez-vous des bons outils<\/strong> \u2013 Obtenez les logiciels et les syst\u00e8mes qui cr\u00e9ent une r\u00e9elle valeur ajout\u00e9e.\n<\/p>\n<p>[\/et_pb_text][et_pb_button button_url=\u00a0\u00bbhttps:\/\/bigone.fr\/fr\/contactez-nous\/\u00a0\u00bb button_text=\u00a0\u00bbAm\u00e9liorez l&apos;efficacit\u00e9 de votre entreprise\u00a0\u00bb button_alignment=\u00a0\u00bbleft\u00a0\u00bb _builder_version=\u00a0\u00bb4.27.4&Prime; _module_preset=\u00a0\u00bbdefault\u00a0\u00bb global_colors_info=\u00a0\u00bb{}\u00a0\u00bb button_text_color__hover_enabled=\u00a0\u00bbon|desktop\u00a0\u00bb button_text_color__hover=\u00a0\u00bb#000000&Prime; button_bg_color__hover_enabled=\u00a0\u00bbon|desktop\u00a0\u00bb button_bg_color__hover=\u00a0\u00bb#FFFFFF\u00a0\u00bb button_bg_enable_color__hover=\u00a0\u00bbon\u00a0\u00bb][\/et_pb_button][\/et_pb_column][et_pb_column type=\u00a0\u00bb1_2&Prime; _builder_version=\u00a0\u00bb4.16&Prime; _module_preset=\u00a0\u00bbdefault\u00a0\u00bb global_colors_info=\u00a0\u00bb{}\u00a0\u00bb][et_pb_image src=\u00a0\u00bbhttps:\/\/lulo.gregorythemes.com\/wp-content\/uploads\/2022\/03\/gt-lulo-background-2.jpg\u00a0\u00bb _builder_version=\u00a0\u00bb4.16&Prime; _module_preset=\u00a0\u00bbdefault\u00a0\u00bb global_colors_info=\u00a0\u00bb{}\u00a0\u00bb][\/et_pb_image][\/et_pb_column][\/et_pb_row][\/et_pb_section][et_pb_section fb_built=\u00a0\u00bb1&Prime; admin_label=\u00a0\u00bbContent Section\u00a0\u00bb _builder_version=\u00a0\u00bb4.16&Prime; _module_preset=\u00a0\u00bbdefault\u00a0\u00bb global_colors_info=\u00a0\u00bb{}\u00a0\u00bb][et_pb_row column_structure=\u00a0\u00bb1_2,1_2&Prime; _builder_version=\u00a0\u00bb4.16&Prime; _module_preset=\u00a0\u00bbdefault\u00a0\u00bb global_colors_info=\u00a0\u00bb{}\u00a0\u00bb][et_pb_column type=\u00a0\u00bb1_2&Prime; _builder_version=\u00a0\u00bb4.16&Prime; _module_preset=\u00a0\u00bbdefault\u00a0\u00bb global_colors_info=\u00a0\u00bb{}\u00a0\u00bb][et_pb_image src=\u00a0\u00bbhttps:\/\/lulo.gregorythemes.com\/wp-content\/uploads\/2022\/03\/gt-lulo-background-1.jpg\u00a0\u00bb _builder_version=\u00a0\u00bb4.16&Prime; _module_preset=\u00a0\u00bbdefault\u00a0\u00bb global_colors_info=\u00a0\u00bb{}\u00a0\u00bb][\/et_pb_image][\/et_pb_column][et_pb_column type=\u00a0\u00bb1_2&Prime; _builder_version=\u00a0\u00bb4.16&Prime; _module_preset=\u00a0\u00bbdefault\u00a0\u00bb global_colors_info=\u00a0\u00bb{}\u00a0\u00bb][et_pb_text _builder_version=\u00a0\u00bb4.27.4&Prime; _module_preset=\u00a0\u00bbdefault\u00a0\u00bb text_font=\u00a0\u00bb|700|||||||\u00a0\u00bb custom_margin=\u00a0\u00bb||16px||false|false\u00a0\u00bb global_colors_info=\u00a0\u00bb{}\u00a0\u00bb]Acc\u00e9l\u00e9rateur 04 \u2013 Focus[\/et_pb_text][et_pb_text module_class=\u00a0\u00bbgt-heading\u00a0\u00bb _builder_version=\u00a0\u00bb4.27.4&Prime; _module_preset=\u00a0\u00bbdefault\u00a0\u00bb global_colors_info=\u00a0\u00bb{}\u00a0\u00bb]<\/p>\n<h2>D\u00e9chargez votre informatique et restez concentr\u00e9 sur la croissance<\/h2>\n<p>[\/et_pb_text][et_pb_text _builder_version=\u00a0\u00bb4.27.4&Prime; _module_preset=\u00a0\u00bbdefault\u00a0\u00bb global_colors_info=\u00a0\u00bb{}\u00a0\u00bb]<\/p>\n<p>Les probl\u00e8mes informatiques ne devraient jamais <strong>vous distraire de la gestion de votre entreprise<\/strong>. Avec notre Acc\u00e9l\u00e9rateur Focus, vous <strong>externalisez vos t\u00e2ches<\/strong> tout en garantissant le bon fonctionnement de votre entreprise.<br \/>\n\u2705 <strong>Administration et support informatique<\/strong> \u2013 Nous prenons en charge la maintenance, la surveillance et le d\u00e9pannage du syst\u00e8me.<br \/>\n\u2705 <strong>Supervision num\u00e9rique continue<\/strong> \u2013 Gardez une longueur d&rsquo;avance gr\u00e2ce \u00e0 une gouvernance informatique proactive.\n<\/p>\n<p>[\/et_pb_text][et_pb_button button_url=\u00a0\u00bbhttps:\/\/bigone.fr\/fr\/contactez-nous\/\u00a0\u00bb button_text=\u00a0\u00bbSimplifier la gestion informatique\u00a0\u00bb button_alignment=\u00a0\u00bbleft\u00a0\u00bb _builder_version=\u00a0\u00bb4.27.4&Prime; _module_preset=\u00a0\u00bbdefault\u00a0\u00bb global_colors_info=\u00a0\u00bb{}\u00a0\u00bb button_text_color__hover_enabled=\u00a0\u00bbon|desktop\u00a0\u00bb button_text_color__hover=\u00a0\u00bb#000000&Prime; button_bg_color__hover_enabled=\u00a0\u00bbon|desktop\u00a0\u00bb button_bg_color__hover=\u00a0\u00bb#FFFFFF\u00a0\u00bb button_bg_enable_color__hover=\u00a0\u00bbon\u00a0\u00bb][\/et_pb_button][\/et_pb_column][\/et_pb_row][\/et_pb_section][et_pb_section fb_built=\u00a0\u00bb1&Prime; admin_label=\u00a0\u00bbContent Section 6&Prime; _builder_version=\u00a0\u00bb4.16&Prime; _module_preset=\u00a0\u00bbdefault\u00a0\u00bb locked=\u00a0\u00bboff\u00a0\u00bb global_colors_info=\u00a0\u00bb{}\u00a0\u00bb][et_pb_row column_structure=\u00a0\u00bb1_2,1_2&Prime; custom_padding_last_edited=\u00a0\u00bbon|tablet\u00a0\u00bb _builder_version=\u00a0\u00bb4.16&Prime; _module_preset=\u00a0\u00bbdefault\u00a0\u00bb custom_padding_tablet=\u00a0\u00bb||0px||false|false\u00a0\u00bb custom_padding_phone=\u00a0\u00bb||0px||false|false\u00a0\u00bb global_colors_info=\u00a0\u00bb{}\u00a0\u00bb][et_pb_column type=\u00a0\u00bb1_2&Prime; _builder_version=\u00a0\u00bb4.16&Prime; _module_preset=\u00a0\u00bbdefault\u00a0\u00bb global_colors_info=\u00a0\u00bb{}\u00a0\u00bb][et_pb_blurb title=\u00a0\u00bbExpertise &#8211; Salesforce\u00a0\u00bb use_icon=\u00a0\u00bbon\u00a0\u00bb font_icon=\u00a0\u00bb&#xf135;||fa||900&Prime; image_icon_width=\u00a0\u00bb36px\u00a0\u00bb icon_alignment=\u00a0\u00bbleft\u00a0\u00bb admin_label=\u00a0\u00bbBlurb Style 4&Prime; module_class=\u00a0\u00bbgt-blurb-4&Prime; _builder_version=\u00a0\u00bb4.27.4&Prime; _dynamic_attributes=\u00a0\u00bblink_option_url\u00a0\u00bb _module_preset=\u00a0\u00bbdefault\u00a0\u00bb header_level=\u00a0\u00bbh3&Prime; custom_padding=\u00a0\u00bb26px|26px|26px|26px|true|true\u00a0\u00bb link_option_url=\u00a0\u00bb@ET-DC@eyJkeW5hbWljIjp0cnVlLCJjb250ZW50IjoicG9zdF9saW5rX3VybF9wYWdlIiwic2V0dGluZ3MiOnsicG9zdF9pZCI6IjI5In19@\u00a0\u00bb border_width_all=\u00a0\u00bb2px\u00a0\u00bb border_color_all=\u00a0\u00bbRGBA(255,255,255,0)\u00a0\u00bb global_colors_info=\u00a0\u00bb{}\u00a0\u00bb border_color_all__hover_enabled=\u00a0\u00bbon|hover\u00a0\u00bb border_color_all__hover=\u00a0\u00bb#000000&Prime;]<\/p>\n<p>Lib\u00e9rer toute la puissance de Salesforce pour votre entreprise<\/p>\n<p>&nbsp;<br \/>\n<span><a href=\"https:\/\/bigone.fr\/fr\/expertise-salesforce\/\" class=\"et_pb_button et_pb_button_1\">D\u00e9couvrez nos solutions Salesforce<\/a><\/span>[\/et_pb_blurb][\/et_pb_column][et_pb_column type=\u00a0\u00bb1_2&Prime; _builder_version=\u00a0\u00bb4.16&Prime; _module_preset=\u00a0\u00bbdefault\u00a0\u00bb global_colors_info=\u00a0\u00bb{}\u00a0\u00bb][et_pb_blurb title=\u00a0\u00bb\u00c0 propos de bigOne Consulting\u00a0\u00bb use_icon=\u00a0\u00bbon\u00a0\u00bb font_icon=\u00a0\u00bb&#xf2bb;||fa||400&Prime; image_icon_width=\u00a0\u00bb36px\u00a0\u00bb icon_alignment=\u00a0\u00bbleft\u00a0\u00bb admin_label=\u00a0\u00bbBlurb Style 4&Prime; module_class=\u00a0\u00bbgt-blurb-4&Prime; _builder_version=\u00a0\u00bb4.27.4&Prime; _dynamic_attributes=\u00a0\u00bblink_option_url\u00a0\u00bb _module_preset=\u00a0\u00bbdefault\u00a0\u00bb header_level=\u00a0\u00bbh3&Prime; custom_padding=\u00a0\u00bb26px|26px|26px|26px|true|true\u00a0\u00bb link_option_url=\u00a0\u00bb@ET-DC@eyJkeW5hbWljIjp0cnVlLCJjb250ZW50IjoicG9zdF9saW5rX3VybF9wYWdlIiwic2V0dGluZ3MiOnsicG9zdF9pZCI6IjI5In19@\u00a0\u00bb border_width_all=\u00a0\u00bb2px\u00a0\u00bb border_color_all=\u00a0\u00bbRGBA(255,255,255,0)\u00a0\u00bb global_colors_info=\u00a0\u00bb{}\u00a0\u00bb border_color_all__hover_enabled=\u00a0\u00bbon|hover\u00a0\u00bb border_color_all__hover=\u00a0\u00bb#000000&Prime;]<\/p>\n<p>Chez bigOne Consulting, nous ne nous contentons pas de mettre en \u0153uvre des technologies, nous favorisons la transformation de l&rsquo;entreprise.<\/p>\n<p>&nbsp;<br \/>\n<span><a href=\"https:\/\/bigone.fr\/fr\/qui-sommes-nous\/\" class=\"et_pb_button et_pb_button_1\">En savoir plus sur notre parcours<\/a><\/span>[\/et_pb_blurb][\/et_pb_column][\/et_pb_row][\/et_pb_section][et_pb_section fb_built=\u00a0\u00bb1&Prime; admin_label=\u00a0\u00bbBanner CTA\u00a0\u00bb _builder_version=\u00a0\u00bb4.16&Prime; _module_preset=\u00a0\u00bbdefault\u00a0\u00bb background_color=\u00a0\u00bb#000000&Prime; locked=\u00a0\u00bboff\u00a0\u00bb global_colors_info=\u00a0\u00bb{}\u00a0\u00bb][et_pb_row _builder_version=\u00a0\u00bb4.16&Prime; _module_preset=\u00a0\u00bbdefault\u00a0\u00bb global_colors_info=\u00a0\u00bb{}\u00a0\u00bb][et_pb_column type=\u00a0\u00bb4_4&Prime; _builder_version=\u00a0\u00bb4.16&Prime; _module_preset=\u00a0\u00bbdefault\u00a0\u00bb global_colors_info=\u00a0\u00bb{}\u00a0\u00bb][et_pb_text _builder_version=\u00a0\u00bb4.27.4&Prime; _module_preset=\u00a0\u00bbdefault\u00a0\u00bb text_font=\u00a0\u00bb|700|||||||\u00a0\u00bb text_orientation=\u00a0\u00bbcenter\u00a0\u00bb background_layout=\u00a0\u00bbdark\u00a0\u00bb custom_margin=\u00a0\u00bb||16px||false|false\u00a0\u00bb global_colors_info=\u00a0\u00bb{}\u00a0\u00bb]<\/p>\n<p>Contactez nous<\/p>\n<p>[\/et_pb_text][et_pb_text module_class=\u00a0\u00bbgt-heading\u00a0\u00bb _builder_version=\u00a0\u00bb4.27.4&Prime; _module_preset=\u00a0\u00bbdefault\u00a0\u00bb text_orientation=\u00a0\u00bbcenter\u00a0\u00bb background_layout=\u00a0\u00bbdark\u00a0\u00bb global_colors_info=\u00a0\u00bb{}\u00a0\u00bb]<\/p>\n<h2>Pr\u00eat \u00e0 transformer votre entreprise ?<\/h2>\n<p>[\/et_pb_text][et_pb_text _builder_version=\u00a0\u00bb4.27.4&Prime; _module_preset=\u00a0\u00bbdefault\u00a0\u00bb text_text_color=\u00a0\u00bb#FFFFFF\u00a0\u00bb text_orientation=\u00a0\u00bbcenter\u00a0\u00bb global_colors_info=\u00a0\u00bb{}\u00a0\u00bb]<\/p>\n<p>Associez-vous \u00e0 <strong>bigOne Consulting<\/strong> pour exploiter tout le potentiel de Salesforce, stimuler l&rsquo;innovation et acc\u00e9l\u00e9rer votre croissance.<\/p>\n<p>Concevons des solutions sur mesure qui r\u00e9pondent \u00e0 vos besoins uniques et permettent \u00e0 votre entreprise de passer \u00e0 la vitesse sup\u00e9rieure.<\/p>\n<p>[\/et_pb_text][et_pb_button button_url=\u00a0\u00bbhttps:\/\/bigone.fr\/fr\/contactez-nous\/\u00a0\u00bb button_text=\u00a0\u00bbObtenez votre consultation gratuite d\u00e8s aujourd&apos;hui\u00a0\u00bb button_alignment=\u00a0\u00bbcenter\u00a0\u00bb _builder_version=\u00a0\u00bb4.27.4&Prime; _module_preset=\u00a0\u00bbdefault\u00a0\u00bb custom_button=\u00a0\u00bbon\u00a0\u00bb button_text_color=\u00a0\u00bb#FFFFFF\u00a0\u00bb button_border_color=\u00a0\u00bb#FFFFFF\u00a0\u00bb global_colors_info=\u00a0\u00bb{}\u00a0\u00bb button_text_color__hover_enabled=\u00a0\u00bbon|desktop\u00a0\u00bb button_text_color__hover=\u00a0\u00bb#000000&Prime; button_bg_color__hover_enabled=\u00a0\u00bbon|desktop\u00a0\u00bb button_bg_color__hover=\u00a0\u00bb#FFFFFF\u00a0\u00bb button_bg_enable_color__hover=\u00a0\u00bbon\u00a0\u00bb][\/et_pb_button][\/et_pb_column][\/et_pb_row][\/et_pb_section]<\/p>\n","protected":false},"excerpt":{"rendered":"<p>ExpertiseBoostez votre entreprise gr\u00e2ce \u00e0 nos acc\u00e9l\u00e9rateurs rapidesChez bigOne Consulting, nous savons que les entreprises ont besoin de solutions rapides et \u00e0 fort impact pour se d\u00e9marquer, vendre plus et fonctionner efficacement. C&rsquo;est pourquoi nous avons cr\u00e9\u00e9 nos Business Boosters\u2014quatre acc\u00e9l\u00e9rateurs puissants con\u00e7us pour \u00e9lever votre marque, dynamiser vos ventes, rationaliser vos op\u00e9rations et \u00e9liminer [&hellip;]<\/p>\n","protected":false},"author":2,"featured_media":0,"parent":0,"menu_order":2,"comment_status":"closed","ping_status":"closed","template":"","meta":{"_et_pb_use_builder":"on","_et_pb_old_content":"<!-- wp:divi\/placeholder \/-->","_et_gb_content_width":"","footnotes":""},"class_list":["post-3507","page","type-page","status-publish","hentry"],"_links":{"self":[{"href":"https:\/\/bigone.fr\/fr\/wp-json\/wp\/v2\/pages\/3507","targetHints":{"allow":["GET"]}}],"collection":[{"href":"https:\/\/bigone.fr\/fr\/wp-json\/wp\/v2\/pages"}],"about":[{"href":"https:\/\/bigone.fr\/fr\/wp-json\/wp\/v2\/types\/page"}],"author":[{"embeddable":true,"href":"https:\/\/bigone.fr\/fr\/wp-json\/wp\/v2\/users\/2"}],"replies":[{"embeddable":true,"href":"https:\/\/bigone.fr\/fr\/wp-json\/wp\/v2\/comments?post=3507"}],"version-history":[{"count":6,"href":"https:\/\/bigone.fr\/fr\/wp-json\/wp\/v2\/pages\/3507\/revisions"}],"predecessor-version":[{"id":3622,"href":"https:\/\/bigone.fr\/fr\/wp-json\/wp\/v2\/pages\/3507\/revisions\/3622"}],"wp:attachment":[{"href":"https:\/\/bigone.fr\/fr\/wp-json\/wp\/v2\/media?parent=3507"}],"curies":[{"name":"wp","href":"https:\/\/api.w.org\/{rel}","templated":true}]}}